{"id":2964,"date":"2025-05-27T22:51:40","date_gmt":"2025-05-27T22:51:40","guid":{"rendered":"https:\/\/www.elektroenergype.com\/?post_type=product&#038;p=2964"},"modified":"2025-05-27T22:54:47","modified_gmt":"2025-05-27T22:54:47","slug":"a1-plus","status":"publish","type":"product","link":"https:\/\/www.elektroenergype.com\/?product=a1-plus","title":{"rendered":"A1 PLUS"},"content":{"rendered":"<p>A1 PLUS 2025<\/p>\n<p style=\"text-align: left;\"><span class=\"OYPEnA font-feature-liga-off font-feature-clig-off font-feature-calt-off text-decoration-none text-strikethrough-none\">Es una moto el\u00e9ctrica que combina un dise\u00f1o sofisticado, caracter\u00edsticas inteligentes y un rendimiento sobresaliente, convirti\u00e9ndose en una opci\u00f3n confiable, ya sea para desplazamientos diarios o para transportar pasajeros.<\/span><\/p>\n<p>Motor de 1200 watts<\/p>\n<p>Bateria de 72 V 22 AH GRAFENO<\/p>\n<p>Tiempo de carga de 8 a 10 horas.<\/p>\n<p>Velocidad maxima de 50 KM\/h<\/p>\n<p>Autonomia de 65 &#8211; 75 km<\/p>\n<p>Carga maxima 150Kg<\/p>\n","protected":false},"excerpt":{"rendered":"<p>A1 PLUS 2025 Es una moto el\u00e9ctrica que combina un dise\u00f1o sofisticado, caracter\u00edsticas inteligentes y un rendimiento sobresaliente, convirti\u00e9ndose en una opci\u00f3n confiable, ya sea para desplazamientos diarios o para transportar pasajeros. Motor de 1200 watts Bateria de 72 V 22 AH GRAFENO Tiempo de carga de 8 a 10 horas. Velocidad maxima de 50 [&hellip;]<\/p>\n","protected":false},"featured_media":2965,"comment_status":"open","ping_status":"closed","template":"","meta":{"ocean_post_layout":"","ocean_both_sidebars_style":"","ocean_both_sidebars_content_width":0,"ocean_both_sidebars_sidebars_width":0,"ocean_sidebar":"0","ocean_second_sidebar":"0","ocean_disable_margins":"enable","ocean_add_body_class":"","ocean_shortcode_before_top_bar":"","ocean_shortcode_after_top_bar":"","ocean_shortcode_before_header":"","ocean_shortcode_after_header":"","ocean_has_shortcode":"","ocean_shortcode_after_title":"","ocean_shortcode_before_footer_widgets":"","ocean_shortcode_after_footer_widgets":"","ocean_shortcode_before_footer_bottom":"","ocean_shortcode_after_footer_bottom":"","ocean_display_top_bar":"default","ocean_display_header":"default","ocean_header_style":"","ocean_center_header_left_menu":"0","ocean_custom_header_template":"0","ocean_custom_logo":0,"ocean_custom_retina_logo":0,"ocean_custom_logo_max_width":0,"ocean_custom_logo_tablet_max_width":0,"ocean_custom_logo_mobile_max_width":0,"ocean_custom_logo_max_height":0,"ocean_custom_logo_tablet_max_height":0,"ocean_custom_logo_mobile_max_height":0,"ocean_header_custom_menu":"0","ocean_menu_typo_font_family":"0","ocean_menu_typo_font_subset":"","ocean_menu_typo_font_size":0,"ocean_menu_typo_font_size_tablet":0,"ocean_menu_typo_font_size_mobile":0,"ocean_menu_typo_font_size_unit":"px","ocean_menu_typo_font_weight":"","ocean_menu_typo_font_weight_tablet":"","ocean_menu_typo_font_weight_mobile":"","ocean_menu_typo_transform":"","ocean_menu_typo_transform_tablet":"","ocean_menu_typo_transform_mobile":"","ocean_menu_typo_line_height":0,"ocean_menu_typo_line_height_tablet":0,"ocean_menu_typo_line_height_mobile":0,"ocean_menu_typo_line_height_unit":"","ocean_menu_typo_spacing":0,"ocean_menu_typo_spacing_tablet":0,"ocean_menu_typo_spacing_mobile":0,"ocean_menu_typo_spacing_unit":"","ocean_menu_link_color":"","ocean_menu_link_color_hover":"","ocean_menu_link_color_active":"","ocean_menu_link_background":"","ocean_menu_link_hover_background":"","ocean_menu_link_active_background":"","ocean_menu_social_links_bg":"","ocean_menu_social_hover_links_bg":"","ocean_menu_social_links_color":"","ocean_menu_social_hover_links_color":"","ocean_disable_title":"default","ocean_disable_heading":"default","ocean_post_title":"","ocean_post_subheading":"","ocean_post_title_style":"","ocean_post_title_background_color":"","ocean_post_title_background":0,"ocean_post_title_bg_image_position":"","ocean_post_title_bg_image_attachment":"","ocean_post_title_bg_image_repeat":"","ocean_post_title_bg_image_size":"","ocean_post_title_height":0,"ocean_post_title_bg_overlay":0.5,"ocean_post_title_bg_overlay_color":"","ocean_disable_breadcrumbs":"default","ocean_breadcrumbs_color":"","ocean_breadcrumbs_separator_color":"","ocean_breadcrumbs_links_color":"","ocean_breadcrumbs_links_hover_color":"","ocean_display_footer_widgets":"default","ocean_display_footer_bottom":"default","ocean_custom_footer_template":"0","_glsr_average":0,"_glsr_ranking":0,"_glsr_reviews":0},"product_cat":[61],"product_tag":[],"class_list":{"0":"post-2964","1":"product","2":"type-product","3":"status-publish","4":"has-post-thumbnail","6":"product_cat-moto-electrica","8":"entry","9":"has-media","11":"first","12":"instock","13":"sale","14":"shipping-taxable","15":"purchasable","16":"product-type-simple","17":"has-product-nav","18":"col","19":"span_1_of_3","20":"owp-content-center","21":"owp-thumbs-layout-horizontal","22":"owp-btn-normal","23":"owp-tabs-layout-horizontal"},"aioseo_notices":[],"_links":{"self":[{"href":"https:\/\/www.elektroenergype.com\/index.php?rest_route=\/wp\/v2\/product\/2964"}],"collection":[{"href":"https:\/\/www.elektroenergype.com\/index.php?rest_route=\/wp\/v2\/product"}],"about":[{"href":"https:\/\/www.elektroenergype.com\/index.php?rest_route=\/wp\/v2\/types\/product"}],"replies":[{"embeddable":true,"href":"https:\/\/www.elektroenergype.com\/index.php?rest_route=%2Fwp%2Fv2%2Fcomments&post=2964"}],"wp:featuredmedia":[{"embeddable":true,"href":"https:\/\/www.elektroenergype.com\/index.php?rest_route=\/wp\/v2\/media\/2965"}],"wp:attachment":[{"href":"https:\/\/www.elektroenergype.com\/index.php?rest_route=%2Fwp%2Fv2%2Fmedia&parent=2964"}],"wp:term":[{"taxonomy":"product_cat","embeddable":true,"href":"https:\/\/www.elektroenergype.com\/index.php?rest_route=%2Fwp%2Fv2%2Fproduct_cat&post=2964"},{"taxonomy":"product_tag","embeddable":true,"href":"https:\/\/www.elektroenergype.com\/index.php?rest_route=%2Fwp%2Fv2%2Fproduct_tag&post=2964"}],"curies":[{"name":"wp","href":"https:\/\/api.w.org\/{rel}","templated":true}]}}