{"id":2825,"date":"2024-10-11T22:45:15","date_gmt":"2024-10-11T22:45:15","guid":{"rendered":"https:\/\/www.elektroenergype.com\/?post_type=product&#038;p=2825"},"modified":"2025-05-26T22:27:06","modified_gmt":"2025-05-26T22:27:06","slug":"greenline-h2-min","status":"publish","type":"product","link":"https:\/\/www.elektroenergype.com\/?product=greenline-h2-min","title":{"rendered":"GreenLine H2 MIN"},"content":{"rendered":"<p>Bater\u00eda de plomo Grafeno 60V23AH, motor 800W, velocidad m\u00e1xima 45km\/h y autonom\u00eda 45 \u2013 55 km. Posee llantas de 3.00 \u2013 10, luces intermitentes (Flasher) y posapi\u00e9 incorporado para copiloto.<\/p>\n<p>Este elegante dise\u00f1o de estilo retro est\u00e1 disponible en cuatro colores: Rosado pastel y Azul suave para los clientes m\u00e1s exigentes. As\u00ed como los colores Blanco y Negro para aquellos con un gusto m\u00e1s cl\u00e1sico.<\/p>\n<p>Este veh\u00edculo cuenta con un c\u00f3modo asiento de espuma y pr\u00e1ctica cajuela. Adem\u00e1s, tiene una profunda guantera bajo el asiento con funci\u00f3n de apertura desde la chapa principal, asimismo cuenta con bloqueo de tim\u00f3n y motor.<\/p>\n<p>Para mayor seguridad en prevenci\u00f3n de robos el veh\u00edculos se activa la alarma el\u00e9ctrica lo cual se puede controlar del control inal\u00e1mbrico.<\/p>\n<h3>DIMENSIONES<\/h3>\n<p>Largo: 165 cm.<\/p>\n<p>Ancho: 72 cm.<\/p>\n<p>Altura: 105 cm.<\/p>\n","protected":false},"excerpt":{"rendered":"<p>Estilo Vintage Retro, Motor 800W (torque suave), Bater\u00eda de grafeno 60V23AH,\u00a0<strong>llanta 3.00-10<\/strong>, velocidad max 45km\/h, puerto USB,\u00a0<strong>Amplia Guantera<\/strong>, faro LED, cajuela y alarma el\u00e9ctrica de seguridad.<\/p>\n<p>&nbsp;<\/p>\n<table>\n<caption>FICHA T\u00c9CNICA<\/caption>\n<tbody>\n<tr>\n<td data-label=\"Account\">Potencia Motor (Watts Nominal)<\/td>\n<td data-label=\"Due Date\">800W<\/td>\n<\/tr>\n<tr>\n<td scope=\"row\" data-label=\"Account\">Potencia Motor (Watts M\u00e1ximo)<\/td>\n<td data-label=\"Due Date\">1100W<\/td>\n<\/tr>\n<tr>\n<td scope=\"row\" data-label=\"Account\">Torque m\u00e1ximo<\/td>\n<td data-label=\"Due Date\">42N.m<\/td>\n<\/tr>\n<tr>\n<td scope=\"row\" data-label=\"Acount\">Potencia bater\u00eda<\/td>\n<td data-label=\"Due Date\">60V23AH<\/td>\n<\/tr>\n<tr>\n<td scope=\"row\" data-label=\"Acount\">Tipo de bater\u00eda<\/td>\n<td data-label=\"Due Date\">Plomo Grafeno.<\/td>\n<\/tr>\n<tr>\n<td scope=\"row\" data-label=\"Acount\">Bateria extra\u00edble<\/td>\n<td data-label=\"Due Date\">No<\/td>\n<\/tr>\n<tr>\n<td scope=\"row\" data-label=\"Acount\">Vida \u00fatil bater\u00eda<\/td>\n<td class=\"table-td-justify\" data-label=\"Due Date\">500 \u2013 600 ciclos (cargar y descargar la baterias es equivalente a un ciclo)<\/td>\n<\/tr>\n<tr>\n<td scope=\"row\" data-label=\"Acount\">Tipo de tomacorriente<\/td>\n<td data-label=\"Due Date\">220 V\/60 Hz<\/td>\n<\/tr>\n<tr>\n<td scope=\"row\" data-label=\"Acount\">Tiempo de carga<\/td>\n<td class=\"table-td-justify\" data-label=\"Due Date\">6 \u2013 8 horas en promedio (cuando la bater\u00eda se encuentra al 50% aprox.), de 10 \u2013 12 horas en promedio (cuando la bater\u00eda se encuentra al 20% aprox.) (*) Recomendamos siempre tener cargado la bater\u00eda.<\/td>\n<\/tr>\n<tr>\n<td scope=\"row\" data-label=\"Acount\">Velocidad m\u00e1xima<\/td>\n<td class=\"table-td-justify\" data-label=\"Due Date\"><strong>45km\/h verificado con gps<\/strong>\u00a0(conductor de 65 kg en modo #3, bater\u00eda nueva con 100% de carga)<\/td>\n<\/tr>\n<tr>\n<td scope=\"row\" data-label=\"Acount\">Autonom\u00eda<\/td>\n<td class=\"table-td-justify\" data-label=\"Due Date\">\n<ul class=\"listaUl\">\n<li>45-55km (velocidad media, terreno plano, conductor de 65 kg, bater\u00eda nueva con 100% de carga, temperatura 25\u00b0C \u2013 35\u00b0C, llanta inflada, etc)<\/li>\n<li>42km Aprox. (modo #3 arranca full y maneja en Lima, conductor de 65 kg)<\/li>\n<\/ul>\n<\/td>\n<\/tr>\n<tr>\n<td scope=\"row\" data-label=\"Acount\">Condiciones de autonom\u00eda<\/td>\n<td class=\"table-td-justify\" data-label=\"Due Date\">La degradaci\u00f3n es un proceso NATURAL de todas las bater\u00edas. Es decir, cada mes la distancia m\u00e1xima que puede recorrer el veh\u00edculo el\u00e9ctrico se reduce, por lo tanto la autonom\u00eda a largo plazo se reduce en 50%. Tambi\u00e9n, de no USAR el veh\u00edculo adecuadamente, la autonom\u00eda se reducir\u00e1 dr\u00e1sticamente.<\/td>\n<\/tr>\n<tr>\n<td scope=\"row\" data-label=\"Acount\">Capacidad de escalada<\/td>\n<td data-label=\"Due Date\">\u226411\u00b0 (conductor de 65 kg, bater\u00eda nueva con 100% de carga)<\/td>\n<\/tr>\n<tr>\n<td scope=\"row\" data-label=\"Acount\">Carga m\u00e1xima (kg)<\/td>\n<td data-label=\"Due Date\">120 kg<\/td>\n<\/tr>\n<\/tbody>\n<\/table>\n","protected":false},"featured_media":2826,"comment_status":"open","ping_status":"closed","template":"","meta":{"ocean_post_layout":"","ocean_both_sidebars_style":"","ocean_both_sidebars_content_width":0,"ocean_both_sidebars_sidebars_width":0,"ocean_sidebar":"0","ocean_second_sidebar":"0","ocean_disable_margins":"enable","ocean_add_body_class":"","ocean_shortcode_before_top_bar":"","ocean_shortcode_after_top_bar":"","ocean_shortcode_before_header":"","ocean_shortcode_after_header":"","ocean_has_shortcode":"","ocean_shortcode_after_title":"","ocean_shortcode_before_footer_widgets":"","ocean_shortcode_after_footer_widgets":"","ocean_shortcode_before_footer_bottom":"","ocean_shortcode_after_footer_bottom":"","ocean_display_top_bar":"default","ocean_display_header":"default","ocean_header_style":"","ocean_center_header_left_menu":"0","ocean_custom_header_template":"0","ocean_custom_logo":0,"ocean_custom_retina_logo":0,"ocean_custom_logo_max_width":0,"ocean_custom_logo_tablet_max_width":0,"ocean_custom_logo_mobile_max_width":0,"ocean_custom_logo_max_height":0,"ocean_custom_logo_tablet_max_height":0,"ocean_custom_logo_mobile_max_height":0,"ocean_header_custom_menu":"0","ocean_menu_typo_font_family":"0","ocean_menu_typo_font_subset":"","ocean_menu_typo_font_size":0,"ocean_menu_typo_font_size_tablet":0,"ocean_menu_typo_font_size_mobile":0,"ocean_menu_typo_font_size_unit":"px","ocean_menu_typo_font_weight":"","ocean_menu_typo_font_weight_tablet":"","ocean_menu_typo_font_weight_mobile":"","ocean_menu_typo_transform":"","ocean_menu_typo_transform_tablet":"","ocean_menu_typo_transform_mobile":"","ocean_menu_typo_line_height":0,"ocean_menu_typo_line_height_tablet":0,"ocean_menu_typo_line_height_mobile":0,"ocean_menu_typo_line_height_unit":"","ocean_menu_typo_spacing":0,"ocean_menu_typo_spacing_tablet":0,"ocean_menu_typo_spacing_mobile":0,"ocean_menu_typo_spacing_unit":"","ocean_menu_link_color":"","ocean_menu_link_color_hover":"","ocean_menu_link_color_active":"","ocean_menu_link_background":"","ocean_menu_link_hover_background":"","ocean_menu_link_active_background":"","ocean_menu_social_links_bg":"","ocean_menu_social_hover_links_bg":"","ocean_menu_social_links_color":"","ocean_menu_social_hover_links_color":"","ocean_disable_title":"default","ocean_disable_heading":"default","ocean_post_title":"","ocean_post_subheading":"","ocean_post_title_style":"","ocean_post_title_background_color":"","ocean_post_title_background":0,"ocean_post_title_bg_image_position":"","ocean_post_title_bg_image_attachment":"","ocean_post_title_bg_image_repeat":"","ocean_post_title_bg_image_size":"","ocean_post_title_height":0,"ocean_post_title_bg_overlay":0.5,"ocean_post_title_bg_overlay_color":"","ocean_disable_breadcrumbs":"default","ocean_breadcrumbs_color":"","ocean_breadcrumbs_separator_color":"","ocean_breadcrumbs_links_color":"","ocean_breadcrumbs_links_hover_color":"","ocean_display_footer_widgets":"default","ocean_display_footer_bottom":"default","ocean_custom_footer_template":"0","_glsr_average":0,"_glsr_ranking":0,"_glsr_reviews":0},"product_cat":[61],"product_tag":[],"class_list":{"0":"post-2825","1":"product","2":"type-product","3":"status-publish","4":"has-post-thumbnail","6":"product_cat-moto-electrica","8":"entry","9":"has-media","11":"first","12":"outofstock","13":"sale","14":"shipping-taxable","15":"purchasable","16":"product-type-simple","17":"has-product-nav","18":"col","19":"span_1_of_3","20":"owp-content-center","21":"owp-thumbs-layout-horizontal","22":"owp-btn-normal","23":"owp-tabs-layout-horizontal"},"aioseo_notices":[],"_links":{"self":[{"href":"https:\/\/www.elektroenergype.com\/index.php?rest_route=\/wp\/v2\/product\/2825"}],"collection":[{"href":"https:\/\/www.elektroenergype.com\/index.php?rest_route=\/wp\/v2\/product"}],"about":[{"href":"https:\/\/www.elektroenergype.com\/index.php?rest_route=\/wp\/v2\/types\/product"}],"replies":[{"embeddable":true,"href":"https:\/\/www.elektroenergype.com\/index.php?rest_route=%2Fwp%2Fv2%2Fcomments&post=2825"}],"wp:featuredmedia":[{"embeddable":true,"href":"https:\/\/www.elektroenergype.com\/index.php?rest_route=\/wp\/v2\/media\/2826"}],"wp:attachment":[{"href":"https:\/\/www.elektroenergype.com\/index.php?rest_route=%2Fwp%2Fv2%2Fmedia&parent=2825"}],"wp:term":[{"taxonomy":"product_cat","embeddable":true,"href":"https:\/\/www.elektroenergype.com\/index.php?rest_route=%2Fwp%2Fv2%2Fproduct_cat&post=2825"},{"taxonomy":"product_tag","embeddable":true,"href":"https:\/\/www.elektroenergype.com\/index.php?rest_route=%2Fwp%2Fv2%2Fproduct_tag&post=2825"}],"curies":[{"name":"wp","href":"https:\/\/api.w.org\/{rel}","templated":true}]}}