{"id":2726,"date":"2023-05-17T00:24:10","date_gmt":"2023-05-17T00:24:10","guid":{"rendered":"https:\/\/www.elektroenergype.com\/?post_type=product&#038;p=2726"},"modified":"2023-12-19T18:27:13","modified_gmt":"2023-12-19T18:27:13","slug":"trilitio-v1","status":"publish","type":"product","link":"https:\/\/www.elektroenergype.com\/?product=trilitio-v1","title":{"rendered":"Trilitio V1"},"content":{"rendered":"<p>&nbsp;<\/p>\n<table style=\"height: 509px;\" width=\"1067\">\n<tbody>\n<tr>\n<td width=\"432\">Motor:<\/td>\n<td width=\"1169\"><b>\u00a0650W (Nominal) 1000 (Maxima)<\/b><\/td>\n<\/tr>\n<tr>\n<td width=\"432\">Bater\u00eda:<\/td>\n<td width=\"1169\">\u00a048<b>V24AH<\/b>, Litio extraible<\/td>\n<\/tr>\n<tr>\n<td width=\"432\">Tiempo de Carga:<\/td>\n<td width=\"1169\">\u00a07hrs, en promedio (Bater\u00eda al 50% aprox.)<\/td>\n<\/tr>\n<tr>\n<td width=\"432\">Vida \u00datil Bater\u00eda:<\/td>\n<td width=\"1169\">\u00a0600-700 (Ciclos De Carga Completa)<\/td>\n<\/tr>\n<tr>\n<td width=\"432\">Velocidad M\u00e1xima:<\/td>\n<td width=\"1169\">\u00a030 km\/h *conductor de 65 kg (velocidad Ajustada)<\/td>\n<\/tr>\n<tr>\n<td width=\"432\">Autonom\u00eda:<\/td>\n<td width=\"1169\"><b>\u00a0<\/b>50-60 km @ Velocidad Media (25km\/h) \/ Terreno Plano \/ Conductor De 70 Kg \/<\/p>\n<p>Bater\u00eda Nueva Con 100% De Carga \/ Temperatura 25\u00b0C-35\u00b0C \/ Llanta Inflada.<\/td>\n<\/tr>\n<tr>\n<td width=\"432\">Capacidad De Escalada:<\/td>\n<td width=\"1169\">\u00a0<u>&lt;<\/u> 15\u00b0 *conductor de 65 kg \/ Bater\u00eda Nueva Con 100% De Carga<\/td>\n<\/tr>\n<tr>\n<td width=\"432\">Carga M\u00e1xima (Kg)<\/td>\n<td width=\"1169\">\u00a0150 kg<\/td>\n<\/tr>\n<\/tbody>\n<\/table>\n<p>&nbsp;<\/p>\n","protected":false},"excerpt":{"rendered":"<p>&nbsp; Motor: \u00a0650W (Nominal) 1000 (Maxima) Bater\u00eda: \u00a048V24AH, Litio extraible Tiempo de Carga: \u00a07hrs, en promedio (Bater\u00eda al 50% aprox.) Vida \u00datil Bater\u00eda: \u00a0600-700 (Ciclos De Carga Completa) Velocidad M\u00e1xima: \u00a030 km\/h *conductor de 65 kg (velocidad Ajustada) Autonom\u00eda: \u00a050-60 km @ Velocidad Media (25km\/h) \/ Terreno Plano \/ Conductor De 70 Kg \/ Bater\u00eda [&hellip;]<\/p>\n","protected":false},"featured_media":2804,"comment_status":"open","ping_status":"closed","template":"","meta":{"ocean_post_layout":"","ocean_both_sidebars_style":"","ocean_both_sidebars_content_width":0,"ocean_both_sidebars_sidebars_width":0,"ocean_sidebar":"0","ocean_second_sidebar":"0","ocean_disable_margins":"enable","ocean_add_body_class":"","ocean_shortcode_before_top_bar":"","ocean_shortcode_after_top_bar":"","ocean_shortcode_before_header":"","ocean_shortcode_after_header":"","ocean_has_shortcode":"","ocean_shortcode_after_title":"","ocean_shortcode_before_footer_widgets":"","ocean_shortcode_after_footer_widgets":"","ocean_shortcode_before_footer_bottom":"","ocean_shortcode_after_footer_bottom":"","ocean_display_top_bar":"default","ocean_display_header":"default","ocean_header_style":"","ocean_center_header_left_menu":"0","ocean_custom_header_template":"0","ocean_custom_logo":0,"ocean_custom_retina_logo":0,"ocean_custom_logo_max_width":0,"ocean_custom_logo_tablet_max_width":0,"ocean_custom_logo_mobile_max_width":0,"ocean_custom_logo_max_height":0,"ocean_custom_logo_tablet_max_height":0,"ocean_custom_logo_mobile_max_height":0,"ocean_header_custom_menu":"0","ocean_menu_typo_font_family":"0","ocean_menu_typo_font_subset":"","ocean_menu_typo_font_size":0,"ocean_menu_typo_font_size_tablet":0,"ocean_menu_typo_font_size_mobile":0,"ocean_menu_typo_font_size_unit":"px","ocean_menu_typo_font_weight":"","ocean_menu_typo_font_weight_tablet":"","ocean_menu_typo_font_weight_mobile":"","ocean_menu_typo_transform":"","ocean_menu_typo_transform_tablet":"","ocean_menu_typo_transform_mobile":"","ocean_menu_typo_line_height":0,"ocean_menu_typo_line_height_tablet":0,"ocean_menu_typo_line_height_mobile":0,"ocean_menu_typo_line_height_unit":"","ocean_menu_typo_spacing":0,"ocean_menu_typo_spacing_tablet":0,"ocean_menu_typo_spacing_mobile":0,"ocean_menu_typo_spacing_unit":"","ocean_menu_link_color":"","ocean_menu_link_color_hover":"","ocean_menu_link_color_active":"","ocean_menu_link_background":"","ocean_menu_link_hover_background":"","ocean_menu_link_active_background":"","ocean_menu_social_links_bg":"","ocean_menu_social_hover_links_bg":"","ocean_menu_social_links_color":"","ocean_menu_social_hover_links_color":"","ocean_disable_title":"default","ocean_disable_heading":"default","ocean_post_title":"","ocean_post_subheading":"","ocean_post_title_style":"","ocean_post_title_background_color":"","ocean_post_title_background":0,"ocean_post_title_bg_image_position":"","ocean_post_title_bg_image_attachment":"","ocean_post_title_bg_image_repeat":"","ocean_post_title_bg_image_size":"","ocean_post_title_height":0,"ocean_post_title_bg_overlay":0.5,"ocean_post_title_bg_overlay_color":"","ocean_disable_breadcrumbs":"default","ocean_breadcrumbs_color":"","ocean_breadcrumbs_separator_color":"","ocean_breadcrumbs_links_color":"","ocean_breadcrumbs_links_hover_color":"","ocean_display_footer_widgets":"default","ocean_display_footer_bottom":"default","ocean_custom_footer_template":"0","_glsr_average":0,"_glsr_ranking":0,"_glsr_reviews":0},"product_cat":[69],"product_tag":[],"class_list":{"0":"post-2726","1":"product","2":"type-product","3":"status-publish","4":"has-post-thumbnail","6":"product_cat-trimotos-electricas","8":"entry","9":"has-media","11":"first","12":"instock","13":"shipping-taxable","14":"purchasable","15":"product-type-simple","16":"has-product-nav","17":"col","18":"span_1_of_3","19":"owp-content-center","20":"owp-thumbs-layout-horizontal","21":"owp-btn-normal","22":"owp-tabs-layout-horizontal"},"aioseo_notices":[],"_links":{"self":[{"href":"https:\/\/www.elektroenergype.com\/index.php?rest_route=\/wp\/v2\/product\/2726"}],"collection":[{"href":"https:\/\/www.elektroenergype.com\/index.php?rest_route=\/wp\/v2\/product"}],"about":[{"href":"https:\/\/www.elektroenergype.com\/index.php?rest_route=\/wp\/v2\/types\/product"}],"replies":[{"embeddable":true,"href":"https:\/\/www.elektroenergype.com\/index.php?rest_route=%2Fwp%2Fv2%2Fcomments&post=2726"}],"wp:featuredmedia":[{"embeddable":true,"href":"https:\/\/www.elektroenergype.com\/index.php?rest_route=\/wp\/v2\/media\/2804"}],"wp:attachment":[{"href":"https:\/\/www.elektroenergype.com\/index.php?rest_route=%2Fwp%2Fv2%2Fmedia&parent=2726"}],"wp:term":[{"taxonomy":"product_cat","embeddable":true,"href":"https:\/\/www.elektroenergype.com\/index.php?rest_route=%2Fwp%2Fv2%2Fproduct_cat&post=2726"},{"taxonomy":"product_tag","embeddable":true,"href":"https:\/\/www.elektroenergype.com\/index.php?rest_route=%2Fwp%2Fv2%2Fproduct_tag&post=2726"}],"curies":[{"name":"wp","href":"https:\/\/api.w.org\/{rel}","templated":true}]}}