{"id":2558,"date":"2022-09-20T18:10:31","date_gmt":"2022-09-20T18:10:31","guid":{"rendered":"https:\/\/www.elektroenergype.com\/?post_type=product&#038;p=2558"},"modified":"2023-05-16T00:20:36","modified_gmt":"2023-05-16T00:20:36","slug":"l24-d-c-a","status":"publish","type":"product","link":"https:\/\/www.elektroenergype.com\/?product=l24-d-c-a","title":{"rendered":"L24 D C\/A"},"content":{"rendered":"<p>Veh\u00edculo de movilidad personal (VMP) para paseo con bater\u00eda extra\u00edble de Litio 48V24AH y motor 350W. Cuenta con velocidad de 25 km\/h, autonom\u00eda de 65 a 90 km en promedio.<\/p>\n<p>Para mayor seguridad este veh\u00edculo tiene alarma el\u00e9ctrica contra robos, doble faro luz led. Adem\u00e1s, posee funci\u00f3n de parking temporal, luces direccionales delanteras; caracter\u00edsticas que permiten a los dem\u00e1s conductores anticipar tus pr\u00f3ximas maniobras mientras conduces.<\/p>\n<p>Como componentes adicionales el veh\u00edculo cuenta con porta celular regulable con puerto USB, posapie grande, potente bocina, control inal\u00e1mbrico y dos llaves.<\/p>\n<p>DIMENSIONES*\u00a0 \u00a0 Largo: 165 cm\u00a0 \u00a0Ancho: 70 cm\u00a0 \u00a0 \u00a0Altura: 104 cm<\/p>\n","protected":false},"excerpt":{"rendered":"<table>\n<tbody>\n<tr>\n<td data-label=\"Account\">Potencia Motor (Watts Nominal)<\/td>\n<td data-label=\"Due Date\">350 W<\/td>\n<\/tr>\n<tr>\n<td scope=\"row\" data-label=\"Account\">Potencia Motor (Watts M\u00e1ximo)<\/td>\n<td data-label=\"Due Date\">700 W<\/td>\n<\/tr>\n<tr>\n<td scope=\"row\" data-label=\"Account\">Torque m\u00e1ximo<\/td>\n<td data-label=\"Due Date\">42 N.m<\/td>\n<\/tr>\n<tr>\n<td scope=\"row\" data-label=\"Acount\">Potencia bater\u00eda<\/td>\n<td data-label=\"Due Date\">48V\/24AH<\/td>\n<\/tr>\n<tr>\n<td scope=\"row\" data-label=\"Acount\">Tipo de bater\u00eda<\/td>\n<td data-label=\"Due Date\">Litio NCM, Phylion XH480-24J, Litio compuesto de elementos m\u00faltiples basadas en manganeso.<\/td>\n<\/tr>\n<tr>\n<td scope=\"row\" data-label=\"Acount\">Bater\u00eda extra\u00edble<\/td>\n<td data-label=\"Due Date\">SI<\/td>\n<\/tr>\n<tr>\n<td scope=\"row\" data-label=\"Acount\">Vida \u00fatil bater\u00eda<\/td>\n<td class=\"table-td-justify\" data-label=\"Due Date\">800 \u2013 1000 ciclos (cargar y descargar la baterias es equivalente a un ciclo)<\/td>\n<\/tr>\n<tr>\n<td scope=\"row\" data-label=\"Acount\">Tipo de tomacorriente<\/td>\n<td data-label=\"Due Date\">220 V\/60 Hz<\/td>\n<\/tr>\n<tr>\n<td scope=\"row\" data-label=\"Acount\">Tiempo de carga<\/td>\n<td class=\"table-td-justify\" data-label=\"Due Date\">6 \u2013 8 horas en promedio (cuando la bater\u00eda se encuentra al 50% aprox.), de 8 \u2013 10 horas en promedio (cuando la bater\u00eda se encuentra al 20% aprox.) (*) Recomendamos siempre tener cargado la bater\u00eda y no esperar que el veh\u00edculo cuente con menos del 20% de bater\u00eda.<\/td>\n<\/tr>\n<tr>\n<td scope=\"row\" data-label=\"Acount\">Velocidad m\u00e1xima<\/td>\n<td class=\"table-td-justify\" data-label=\"Due Date\">25 km\/h verificado con gps (conductor de 65 kg en modo #3, bater\u00eda nueva con 100% de carga).<\/td>\n<\/tr>\n<tr>\n<td scope=\"row\" data-label=\"Acount\">Autonom\u00eda<\/td>\n<td class=\"table-td-justify\" data-label=\"Due Date\">\n<ul class=\"listaUl\">\n<li>65 \u2013 90 km (velocidad media, terreno plano, conductor de 65 kg, bater\u00eda nueva con 100% de carga, temperatura 25\u00b0C \u2013 35\u00b0C, llanta inflada, etc)<\/li>\n<li>60 km (modo #3 arranca full y maneja en Lima, conductor de 65 kg)<\/li>\n<\/ul>\n<\/td>\n<\/tr>\n<tr>\n<td scope=\"row\" data-label=\"Acount\">Condiciones de autonom\u00eda<\/td>\n<td class=\"table-td-justify\" data-label=\"Due Date\">La degradaci\u00f3n es un proceso NATURAL de todas las bater\u00edas. Es decir, cada mes la distancia m\u00e1xima que puede recorrer el veh\u00edculo el\u00e9ctrico se reduce, por lo tanto la autonom\u00eda a largo plazo se reduce en 50%. Tambi\u00e9n, de no USAR el veh\u00edculo adecuadamente, la autonom\u00eda se reducir\u00e1 dr\u00e1sticamente.<\/td>\n<\/tr>\n<tr>\n<td scope=\"row\" data-label=\"Acount\">Capacidad de escalada<\/td>\n<td data-label=\"Due Date\">\u22649\u00b0 (conductor de 65 kg, bater\u00eda nueva con 100% de carga)<\/td>\n<\/tr>\n<tr>\n<td scope=\"row\" data-label=\"Acount\">Carga m\u00e1xima (kg)<\/td>\n<td data-label=\"Due Date\">120 kg<\/td>\n<\/tr>\n<\/tbody>\n<\/table>\n","protected":false},"featured_media":2575,"comment_status":"open","ping_status":"closed","template":"","meta":{"ocean_post_layout":"","ocean_both_sidebars_style":"","ocean_both_sidebars_content_width":0,"ocean_both_sidebars_sidebars_width":0,"ocean_sidebar":"0","ocean_second_sidebar":"0","ocean_disable_margins":"enable","ocean_add_body_class":"","ocean_shortcode_before_top_bar":"","ocean_shortcode_after_top_bar":"","ocean_shortcode_before_header":"","ocean_shortcode_after_header":"","ocean_has_shortcode":"","ocean_shortcode_after_title":"","ocean_shortcode_before_footer_widgets":"","ocean_shortcode_after_footer_widgets":"","ocean_shortcode_before_footer_bottom":"","ocean_shortcode_after_footer_bottom":"","ocean_display_top_bar":"default","ocean_display_header":"default","ocean_header_style":"","ocean_center_header_left_menu":"0","ocean_custom_header_template":"0","ocean_custom_logo":0,"ocean_custom_retina_logo":0,"ocean_custom_logo_max_width":0,"ocean_custom_logo_tablet_max_width":0,"ocean_custom_logo_mobile_max_width":0,"ocean_custom_logo_max_height":0,"ocean_custom_logo_tablet_max_height":0,"ocean_custom_logo_mobile_max_height":0,"ocean_header_custom_menu":"0","ocean_menu_typo_font_family":"0","ocean_menu_typo_font_subset":"","ocean_menu_typo_font_size":0,"ocean_menu_typo_font_size_tablet":0,"ocean_menu_typo_font_size_mobile":0,"ocean_menu_typo_font_size_unit":"px","ocean_menu_typo_font_weight":"","ocean_menu_typo_font_weight_tablet":"","ocean_menu_typo_font_weight_mobile":"","ocean_menu_typo_transform":"","ocean_menu_typo_transform_tablet":"","ocean_menu_typo_transform_mobile":"","ocean_menu_typo_line_height":0,"ocean_menu_typo_line_height_tablet":0,"ocean_menu_typo_line_height_mobile":0,"ocean_menu_typo_line_height_unit":"","ocean_menu_typo_spacing":0,"ocean_menu_typo_spacing_tablet":0,"ocean_menu_typo_spacing_mobile":0,"ocean_menu_typo_spacing_unit":"","ocean_menu_link_color":"","ocean_menu_link_color_hover":"","ocean_menu_link_color_active":"","ocean_menu_link_background":"","ocean_menu_link_hover_background":"","ocean_menu_link_active_background":"","ocean_menu_social_links_bg":"","ocean_menu_social_hover_links_bg":"","ocean_menu_social_links_color":"","ocean_menu_social_hover_links_color":"","ocean_disable_title":"default","ocean_disable_heading":"default","ocean_post_title":"","ocean_post_subheading":"","ocean_post_title_style":"","ocean_post_title_background_color":"","ocean_post_title_background":0,"ocean_post_title_bg_image_position":"","ocean_post_title_bg_image_attachment":"","ocean_post_title_bg_image_repeat":"","ocean_post_title_bg_image_size":"","ocean_post_title_height":0,"ocean_post_title_bg_overlay":0.5,"ocean_post_title_bg_overlay_color":"","ocean_disable_breadcrumbs":"default","ocean_breadcrumbs_color":"","ocean_breadcrumbs_separator_color":"","ocean_breadcrumbs_links_color":"","ocean_breadcrumbs_links_hover_color":"","ocean_display_footer_widgets":"default","ocean_display_footer_bottom":"default","ocean_custom_footer_template":"0","_glsr_average":0,"_glsr_ranking":0,"_glsr_reviews":0},"product_cat":[64],"product_tag":[],"class_list":{"0":"post-2558","1":"product","2":"type-product","3":"status-publish","4":"has-post-thumbnail","6":"product_cat-bicicleta-electrica","8":"entry","9":"has-media","11":"first","12":"outofstock","13":"sale","14":"shipping-taxable","15":"purchasable","16":"product-type-simple","17":"has-product-nav","18":"col","19":"span_1_of_3","20":"owp-content-center","21":"owp-thumbs-layout-horizontal","22":"owp-btn-normal","23":"owp-tabs-layout-horizontal"},"aioseo_notices":[],"_links":{"self":[{"href":"https:\/\/www.elektroenergype.com\/index.php?rest_route=\/wp\/v2\/product\/2558"}],"collection":[{"href":"https:\/\/www.elektroenergype.com\/index.php?rest_route=\/wp\/v2\/product"}],"about":[{"href":"https:\/\/www.elektroenergype.com\/index.php?rest_route=\/wp\/v2\/types\/product"}],"replies":[{"embeddable":true,"href":"https:\/\/www.elektroenergype.com\/index.php?rest_route=%2Fwp%2Fv2%2Fcomments&post=2558"}],"wp:featuredmedia":[{"embeddable":true,"href":"https:\/\/www.elektroenergype.com\/index.php?rest_route=\/wp\/v2\/media\/2575"}],"wp:attachment":[{"href":"https:\/\/www.elektroenergype.com\/index.php?rest_route=%2Fwp%2Fv2%2Fmedia&parent=2558"}],"wp:term":[{"taxonomy":"product_cat","embeddable":true,"href":"https:\/\/www.elektroenergype.com\/index.php?rest_route=%2Fwp%2Fv2%2Fproduct_cat&post=2558"},{"taxonomy":"product_tag","embeddable":true,"href":"https:\/\/www.elektroenergype.com\/index.php?rest_route=%2Fwp%2Fv2%2Fproduct_tag&post=2558"}],"curies":[{"name":"wp","href":"https:\/\/api.w.org\/{rel}","templated":true}]}}