{"id":1668,"date":"2021-08-04T01:42:41","date_gmt":"2021-08-04T01:42:41","guid":{"rendered":"https:\/\/www.elektroenergype.com\/?post_type=product&#038;p=1668"},"modified":"2025-05-27T22:34:26","modified_gmt":"2025-05-27T22:34:26","slug":"trimoto-electrica-tm6x","status":"publish","type":"product","link":"https:\/\/www.elektroenergype.com\/?product=trimoto-electrica-tm6x","title":{"rendered":"Trimoto el\u00e9ctrica TM6X"},"content":{"rendered":"<div class=\"textodes\">\n<p>Trimoto el\u00e9ctrica de paseo con con bater\u00eda de plomo grafeno 60V22AH y motor 650W, cuenta con velocidad m\u00e1xima de 30 km\/h y autonom\u00eda de 50 a 60 km.<\/p>\n<p>Para seguridad tiene alarma el\u00e9ctrica contra robos donde se bloque el motor, posee freno de pie, freno de mano con funci\u00f3n anti deslizante, sistema de transmisi\u00f3n para alto torque, con llantas de 3.0-10. Adem\u00e1s, como muchos de nuestros veh\u00edculos viene con luces direccionales para que los dem\u00e1s conductores puedan anticipar tus movimientos al conducir.<\/p>\n<p>La trimoto trae dos controles inal\u00e1mbricos y dos llaves. Adem\u00e1s, amplios y c\u00f3modos asientos transformables (1 a 3) para disfrutar de tu viaje con la familia, canasta debajo de asiento, bot\u00f3n ARS, porta celular regulable y puerto USB.<\/p>\n<\/div>\n<div class=\"dim\">\n<h3>DIMENSIONES*<\/h3>\n<p>Largo: 156 cm.<\/p>\n<p>Ancho: 74 cm.<\/p>\n<p>Altura: 102 cm.<\/p>\n<\/div>\n","protected":false},"excerpt":{"rendered":"<table width=\"1601\">\n<tbody>\n<tr>\n<td width=\"432\">Motor:<\/td>\n<td width=\"1169\"><b>\u00a0650W (Nominal)<\/b><\/td>\n<\/tr>\n<tr>\n<td width=\"432\">Bater\u00eda:<\/td>\n<td width=\"1169\">\u00a0<b>60V22AH<\/b>, plomo \u00e1cido, <b>Tecnolog\u00eda de Grafeno<\/b>, No Extra\u00edble<\/td>\n<\/tr>\n<tr>\n<td width=\"432\">Tiempo de Carga:<\/td>\n<td width=\"1169\">\u00a06 &#8211; 8 hrs, en promedio (Bater\u00eda al 50% aprox.) \/ hasta 10-12 hrs. en promedio (Bater\u00eda al 20% aprox.)<\/td>\n<\/tr>\n<tr>\n<td width=\"432\">Vida \u00datil Bater\u00eda:<\/td>\n<td width=\"1169\">\u00a0500-600 (Ciclos De Carga Completa)<\/td>\n<\/tr>\n<tr>\n<td width=\"432\">Velocidad M\u00e1xima:<\/td>\n<td width=\"1169\">\u00a030 km\/h (GPS verificado)\u00a0 *conductor de 65 kg (velocidad Ajustada) \/ Bater\u00eda Nueva Con 100% De Carga<\/td>\n<\/tr>\n<tr>\n<td width=\"432\">Autonom\u00eda:<\/td>\n<td width=\"1169\"><b>\u00a0<\/b>55-60 km @ Velocidad Media (25km\/h) \/ Terreno Plano \/ Conductor De 65 Kg \/ Bater\u00eda Nueva Con 100% De Carga \/ Temperatura 25\u00b0C-35\u00b0C \/ Llanta Inflada \/ Manera de Conducci\u00f3n, etc.<\/p>\n<p><b>45-50 km <\/b>@ arranca full y maneja en Lima \/ conductor de 65 kg<\/td>\n<\/tr>\n<tr>\n<td width=\"432\">Capacidad De Escalada:<\/td>\n<td width=\"1169\">\u00a0<u>&lt;<\/u> 11\u00b0 *conductor de 65 kg \/ Bater\u00eda Nueva Con 100% De Carga<\/td>\n<\/tr>\n<tr>\n<td width=\"432\">Carga M\u00e1xima (Kg)<\/td>\n<td width=\"1169\">\u00a0150 kg<\/td>\n<\/tr>\n<tr>\n<td width=\"432\">Altura del Piso A La Base (Cm):<\/td>\n<td width=\"1169\">\u00a012.0\u00a0 *Con un conductor de 65 kg sentado<\/td>\n<\/tr>\n<tr>\n<td width=\"432\">Suspensi\u00f3n Delantera \/ Trasera:<\/td>\n<td width=\"1169\">\u00a0Telesc\u00f3pica \/ Doble Amortiguador<\/td>\n<\/tr>\n<tr>\n<td width=\"432\">Freno Delantero \/ Trasero:<\/td>\n<td width=\"1169\">\u00a0Tambor \/ Tambor<\/td>\n<\/tr>\n<tr>\n<td width=\"432\">Llanta Delantera \/ Trasera:<\/td>\n<td width=\"1169\">\u00a0<b>3.0-10 \/ 3.0-10<\/b>, sin c\u00e1mara<\/td>\n<\/tr>\n<tr>\n<td width=\"432\">Tama\u00f1o &amp; Peso en Seco:<\/td>\n<td width=\"1169\">\u00a01525*660*1050mm \/ 120kg<\/td>\n<\/tr>\n<tr>\n<td colspan=\"2\" width=\"1601\">Tablero de pantalla digital \/ Alarma el\u00e9ctrica\u00a0 \/ <b>Puerto USB con Porta Celular <\/b><\/td>\n<\/tr>\n<tr>\n<td colspan=\"2\" width=\"1601\">Bater\u00eda de Plomo <b>Grafeno 60V22AH<\/b>, Motor 650W, <b>Asientos Transformables<\/b>, <b>Llanta 3.0-10<\/b>, M\u00c1S Alto; Puerto USB con <b>Porta Celular Regulable<\/b>, Freno de Pie, Freno de Mano Anti-Deslizar, <b>Luz Intermitente<\/b>, Luz Direccional, <b>Funci\u00f3n Retroceso<\/b>, Alarma con Dos Controles Inal\u00e1mbricos, 2 Llaves, Claxon.<\/td>\n<\/tr>\n<\/tbody>\n<\/table>\n","protected":false},"featured_media":2635,"comment_status":"open","ping_status":"closed","template":"","meta":{"ocean_post_layout":"","ocean_both_sidebars_style":"","ocean_both_sidebars_content_width":0,"ocean_both_sidebars_sidebars_width":0,"ocean_sidebar":"0","ocean_second_sidebar":"0","ocean_disable_margins":"enable","ocean_add_body_class":"","ocean_shortcode_before_top_bar":"","ocean_shortcode_after_top_bar":"","ocean_shortcode_before_header":"","ocean_shortcode_after_header":"","ocean_has_shortcode":"","ocean_shortcode_after_title":"","ocean_shortcode_before_footer_widgets":"","ocean_shortcode_after_footer_widgets":"","ocean_shortcode_before_footer_bottom":"","ocean_shortcode_after_footer_bottom":"","ocean_display_top_bar":"default","ocean_display_header":"default","ocean_header_style":"","ocean_center_header_left_menu":"0","ocean_custom_header_template":"0","ocean_custom_logo":0,"ocean_custom_retina_logo":0,"ocean_custom_logo_max_width":0,"ocean_custom_logo_tablet_max_width":0,"ocean_custom_logo_mobile_max_width":0,"ocean_custom_logo_max_height":0,"ocean_custom_logo_tablet_max_height":0,"ocean_custom_logo_mobile_max_height":0,"ocean_header_custom_menu":"0","ocean_menu_typo_font_family":"0","ocean_menu_typo_font_subset":"","ocean_menu_typo_font_size":0,"ocean_menu_typo_font_size_tablet":0,"ocean_menu_typo_font_size_mobile":0,"ocean_menu_typo_font_size_unit":"px","ocean_menu_typo_font_weight":"","ocean_menu_typo_font_weight_tablet":"","ocean_menu_typo_font_weight_mobile":"","ocean_menu_typo_transform":"","ocean_menu_typo_transform_tablet":"","ocean_menu_typo_transform_mobile":"","ocean_menu_typo_line_height":0,"ocean_menu_typo_line_height_tablet":0,"ocean_menu_typo_line_height_mobile":0,"ocean_menu_typo_line_height_unit":"","ocean_menu_typo_spacing":0,"ocean_menu_typo_spacing_tablet":0,"ocean_menu_typo_spacing_mobile":0,"ocean_menu_typo_spacing_unit":"","ocean_menu_link_color":"","ocean_menu_link_color_hover":"","ocean_menu_link_color_active":"","ocean_menu_link_background":"","ocean_menu_link_hover_background":"","ocean_menu_link_active_background":"","ocean_menu_social_links_bg":"","ocean_menu_social_hover_links_bg":"","ocean_menu_social_links_color":"","ocean_menu_social_hover_links_color":"","ocean_disable_title":"default","ocean_disable_heading":"default","ocean_post_title":"","ocean_post_subheading":"","ocean_post_title_style":"","ocean_post_title_background_color":"","ocean_post_title_background":0,"ocean_post_title_bg_image_position":"","ocean_post_title_bg_image_attachment":"","ocean_post_title_bg_image_repeat":"","ocean_post_title_bg_image_size":"","ocean_post_title_height":0,"ocean_post_title_bg_overlay":0.5,"ocean_post_title_bg_overlay_color":"","ocean_disable_breadcrumbs":"default","ocean_breadcrumbs_color":"","ocean_breadcrumbs_separator_color":"","ocean_breadcrumbs_links_color":"","ocean_breadcrumbs_links_hover_color":"","ocean_display_footer_widgets":"default","ocean_display_footer_bottom":"default","ocean_custom_footer_template":"0","_glsr_average":0,"_glsr_ranking":0,"_glsr_reviews":0},"product_cat":[69],"product_tag":[],"class_list":{"0":"post-1668","1":"product","2":"type-product","3":"status-publish","4":"has-post-thumbnail","6":"product_cat-trimotos-electricas","8":"entry","9":"has-media","11":"first","12":"outofstock","13":"sale","14":"shipping-taxable","15":"purchasable","16":"product-type-simple","17":"has-rating","18":"has-product-nav","19":"col","20":"span_1_of_3","21":"owp-content-center","22":"owp-thumbs-layout-horizontal","23":"owp-btn-normal","24":"owp-tabs-layout-horizontal"},"aioseo_notices":[],"_links":{"self":[{"href":"https:\/\/www.elektroenergype.com\/index.php?rest_route=\/wp\/v2\/product\/1668"}],"collection":[{"href":"https:\/\/www.elektroenergype.com\/index.php?rest_route=\/wp\/v2\/product"}],"about":[{"href":"https:\/\/www.elektroenergype.com\/index.php?rest_route=\/wp\/v2\/types\/product"}],"replies":[{"embeddable":true,"href":"https:\/\/www.elektroenergype.com\/index.php?rest_route=%2Fwp%2Fv2%2Fcomments&post=1668"}],"wp:featuredmedia":[{"embeddable":true,"href":"https:\/\/www.elektroenergype.com\/index.php?rest_route=\/wp\/v2\/media\/2635"}],"wp:attachment":[{"href":"https:\/\/www.elektroenergype.com\/index.php?rest_route=%2Fwp%2Fv2%2Fmedia&parent=1668"}],"wp:term":[{"taxonomy":"product_cat","embeddable":true,"href":"https:\/\/www.elektroenergype.com\/index.php?rest_route=%2Fwp%2Fv2%2Fproduct_cat&post=1668"},{"taxonomy":"product_tag","embeddable":true,"href":"https:\/\/www.elektroenergype.com\/index.php?rest_route=%2Fwp%2Fv2%2Fproduct_tag&post=1668"}],"curies":[{"name":"wp","href":"https:\/\/api.w.org\/{rel}","templated":true}]}}