{"id":1607,"date":"2021-08-04T00:29:44","date_gmt":"2021-08-04T00:29:44","guid":{"rendered":"https:\/\/www.elektroenergype.com\/?post_type=product&#038;p=1607"},"modified":"2023-12-19T16:26:15","modified_gmt":"2023-12-19T16:26:15","slug":"bicicleta-electrica-fl1","status":"publish","type":"product","link":"https:\/\/www.elektroenergype.com\/?product=bicicleta-electrica-fl1","title":{"rendered":"Bicicleta el\u00e9ctrica FL1"},"content":{"rendered":"<p>Bicicleta el\u00e9ctrica plegable TAILG FL1 con bater\u00eda extra\u00edble de litio 36V 8.8AH y motor 240W. Cuenta con velocidad m\u00e1xima de 25 km\/h de acuerdo a ley, velocidad crucero y autonom\u00eda de 30 a 35 km en promedio.<\/p>\n<p>Tiene el marco de aluminio la cual cubre el sistema el\u00e9ctrico, lo que permite un dise\u00f1o minimalista y limpio de cables. Una vez terminado de usarlo puedes doblar (80 cm largo x 73 cm alto) y guardar (29 Kg).<\/p>\n<p>Como componentes adicionales de gran utilidad para el usuario el veh\u00edculo cuenta con llantas con aro 20, pantalla LCD, asiento regulable, manilla con ajuste, amortiguador, Luz faro LED adelante y atr\u00e1s, luz de freno y dos llaves.<\/p>\n<p><strong>DIMENSIONES:\u00a0 \u00a0<\/strong>Largo: 154 cm.\u00a0 \u00a0Ancho: 59 cm.\u00a0 \u00a0Altura: 115 cm.<\/p>\n","protected":false},"excerpt":{"rendered":"<table width=\"1470\">\n<tbody>\n<tr>\n<td width=\"418\">Motor:<\/td>\n<td width=\"1052\">\u00a0240W (Nominal)<\/td>\n<\/tr>\n<tr>\n<td width=\"418\">Bater\u00eda:<\/td>\n<td width=\"1052\">\u00a036V8.80AH, <b>Litio Extra\u00edble<\/b><\/td>\n<\/tr>\n<tr>\n<td width=\"418\">Tiempo de Carga:<\/td>\n<td width=\"1052\">\u00a03 &#8211; 5 hrs. en promedio (Bater\u00eda al 50% aprox.) \/ hasta 6-8 hrs. en promedio (Bater\u00eda al 20% aprox.)<\/td>\n<\/tr>\n<tr>\n<td width=\"418\">Vida \u00datil Bater\u00eda:<\/td>\n<td width=\"1052\">\u00a0800-1000 (Ciclos De Carga Completa)<\/td>\n<\/tr>\n<tr>\n<td width=\"418\">Velocidad M\u00e1xima:<\/td>\n<td width=\"1052\">\u00a025 km\/h (GPS verificado)\u00a0 *conductor de 65 kg (velocidad limitada) \/ Bater\u00eda Nueva Con 100% De Carga<\/td>\n<\/tr>\n<tr>\n<td width=\"418\">Autonom\u00eda:<\/td>\n<td width=\"1052\"><b>\u00a030-40 km <\/b>@ Velocidad Media \/ Terreno Plano \/ Conductor De 65 Kg \/ Bater\u00eda Nueva Con 100% De Carga \/ Temperatura 25\u00b0C-35\u00b0C \/ Llanta Inflada \/ Manera de Conducci\u00f3n, etc.<\/p>\n<p>35 km @ arranca full y maneja en Lima \/ conductor de 65 kg<\/td>\n<\/tr>\n<tr>\n<td width=\"418\">Capacidad De Escalada:<\/td>\n<td width=\"1052\">\u00a0<u>&lt;<\/u> 9\u00b0 *conductor de 65 kg \/ Bater\u00eda Nueva Con 100% De Carga<\/td>\n<\/tr>\n<tr>\n<td width=\"418\">Carga M\u00e1xima (Kg)<\/td>\n<td width=\"1052\">\u00a0120 kg<\/td>\n<\/tr>\n<tr>\n<td width=\"418\">Altura del Asiento Al Piso (Cm):<\/td>\n<td width=\"1052\">\u00a015.0 *Con un conductor de 65 kg sentado (11.5 Para asiento regulable)<\/td>\n<\/tr>\n<tr>\n<td width=\"418\">Suspensi\u00f3n Delantera \/ Trasera:<\/td>\n<td width=\"1052\">\u00a0Telesc\u00f3pica \/ No<\/td>\n<\/tr>\n<tr>\n<td width=\"418\">Freno Delantero \/ Trasero:<\/td>\n<td width=\"1052\">\u00a0Disco \/ Disco<\/td>\n<\/tr>\n<tr>\n<td width=\"418\">Llanta Delantera \/ Trasera:<\/td>\n<td width=\"1052\">\u00a020 x 1.95 \/ 20 x 1.95, con c\u00e1mara<\/td>\n<\/tr>\n<tr>\n<td width=\"418\">Tama\u00f1o &amp; Peso en Seco:<\/td>\n<td width=\"1052\">\u00a01540*590*1150mm \/ 31kg, <b>Plegable<\/b><\/td>\n<\/tr>\n<\/tbody>\n<\/table>\n","protected":false},"featured_media":1608,"comment_status":"open","ping_status":"closed","template":"","meta":{"ocean_post_layout":"","ocean_both_sidebars_style":"","ocean_both_sidebars_content_width":0,"ocean_both_sidebars_sidebars_width":0,"ocean_sidebar":"0","ocean_second_sidebar":"0","ocean_disable_margins":"enable","ocean_add_body_class":"","ocean_shortcode_before_top_bar":"","ocean_shortcode_after_top_bar":"","ocean_shortcode_before_header":"","ocean_shortcode_after_header":"","ocean_has_shortcode":"","ocean_shortcode_after_title":"","ocean_shortcode_before_footer_widgets":"","ocean_shortcode_after_footer_widgets":"","ocean_shortcode_before_footer_bottom":"","ocean_shortcode_after_footer_bottom":"","ocean_display_top_bar":"default","ocean_display_header":"default","ocean_header_style":"","ocean_center_header_left_menu":"0","ocean_custom_header_template":"0","ocean_custom_logo":0,"ocean_custom_retina_logo":0,"ocean_custom_logo_max_width":0,"ocean_custom_logo_tablet_max_width":0,"ocean_custom_logo_mobile_max_width":0,"ocean_custom_logo_max_height":0,"ocean_custom_logo_tablet_max_height":0,"ocean_custom_logo_mobile_max_height":0,"ocean_header_custom_menu":"0","ocean_menu_typo_font_family":"0","ocean_menu_typo_font_subset":"","ocean_menu_typo_font_size":0,"ocean_menu_typo_font_size_tablet":0,"ocean_menu_typo_font_size_mobile":0,"ocean_menu_typo_font_size_unit":"px","ocean_menu_typo_font_weight":"","ocean_menu_typo_font_weight_tablet":"","ocean_menu_typo_font_weight_mobile":"","ocean_menu_typo_transform":"","ocean_menu_typo_transform_tablet":"","ocean_menu_typo_transform_mobile":"","ocean_menu_typo_line_height":0,"ocean_menu_typo_line_height_tablet":0,"ocean_menu_typo_line_height_mobile":0,"ocean_menu_typo_line_height_unit":"","ocean_menu_typo_spacing":0,"ocean_menu_typo_spacing_tablet":0,"ocean_menu_typo_spacing_mobile":0,"ocean_menu_typo_spacing_unit":"","ocean_menu_link_color":"","ocean_menu_link_color_hover":"","ocean_menu_link_color_active":"","ocean_menu_link_background":"","ocean_menu_link_hover_background":"","ocean_menu_link_active_background":"","ocean_menu_social_links_bg":"","ocean_menu_social_hover_links_bg":"","ocean_menu_social_links_color":"","ocean_menu_social_hover_links_color":"","ocean_disable_title":"default","ocean_disable_heading":"default","ocean_post_title":"","ocean_post_subheading":"","ocean_post_title_style":"","ocean_post_title_background_color":"","ocean_post_title_background":0,"ocean_post_title_bg_image_position":"","ocean_post_title_bg_image_attachment":"","ocean_post_title_bg_image_repeat":"","ocean_post_title_bg_image_size":"","ocean_post_title_height":0,"ocean_post_title_bg_overlay":0.5,"ocean_post_title_bg_overlay_color":"","ocean_disable_breadcrumbs":"default","ocean_breadcrumbs_color":"","ocean_breadcrumbs_separator_color":"","ocean_breadcrumbs_links_color":"","ocean_breadcrumbs_links_hover_color":"","ocean_display_footer_widgets":"default","ocean_display_footer_bottom":"default","ocean_custom_footer_template":"0","_glsr_average":0,"_glsr_ranking":0,"_glsr_reviews":0},"product_cat":[64],"product_tag":[],"class_list":{"0":"post-1607","1":"product","2":"type-product","3":"status-publish","4":"has-post-thumbnail","6":"product_cat-bicicleta-electrica","8":"entry","9":"has-media","11":"first","12":"outofstock","13":"sale","14":"shipping-taxable","15":"purchasable","16":"product-type-simple","17":"has-rating","18":"has-product-nav","19":"col","20":"span_1_of_3","21":"owp-content-center","22":"owp-thumbs-layout-horizontal","23":"owp-btn-normal","24":"owp-tabs-layout-horizontal"},"aioseo_notices":[],"_links":{"self":[{"href":"https:\/\/www.elektroenergype.com\/index.php?rest_route=\/wp\/v2\/product\/1607"}],"collection":[{"href":"https:\/\/www.elektroenergype.com\/index.php?rest_route=\/wp\/v2\/product"}],"about":[{"href":"https:\/\/www.elektroenergype.com\/index.php?rest_route=\/wp\/v2\/types\/product"}],"replies":[{"embeddable":true,"href":"https:\/\/www.elektroenergype.com\/index.php?rest_route=%2Fwp%2Fv2%2Fcomments&post=1607"}],"wp:featuredmedia":[{"embeddable":true,"href":"https:\/\/www.elektroenergype.com\/index.php?rest_route=\/wp\/v2\/media\/1608"}],"wp:attachment":[{"href":"https:\/\/www.elektroenergype.com\/index.php?rest_route=%2Fwp%2Fv2%2Fmedia&parent=1607"}],"wp:term":[{"taxonomy":"product_cat","embeddable":true,"href":"https:\/\/www.elektroenergype.com\/index.php?rest_route=%2Fwp%2Fv2%2Fproduct_cat&post=1607"},{"taxonomy":"product_tag","embeddable":true,"href":"https:\/\/www.elektroenergype.com\/index.php?rest_route=%2Fwp%2Fv2%2Fproduct_tag&post=1607"}],"curies":[{"name":"wp","href":"https:\/\/api.w.org\/{rel}","templated":true}]}}